{"id":127,"date":"2020-08-12T12:08:22","date_gmt":"2020-08-12T12:08:22","guid":{"rendered":"http:\/\/dolmetschen.de\/?page_id=127"},"modified":"2023-07-24T10:57:55","modified_gmt":"2023-07-24T10:57:55","slug":"impressum","status":"publish","type":"page","link":"https:\/\/dolmetschen.de\/en\/impressum","title":{"rendered":"Credits"},"content":{"rendered":"<div class=\"vce-row-container\"><div class=\"vce-row vce-element--has-background vce-row--col-gap-30 vce-row-equal-height vce-row-content--top\" data-vce-full-width=\"true\" id=\"el-f9d177d5\" data-vce-do-apply=\"all el-f9d177d5\"><div class=\"vce-content-background-container\"><\/div><div class=\"vce-row-content\" data-vce-element-content=\"true\"><div class=\"vce-col vce-col--md-auto vce-col--xs-1 vce-col--xs-last vce-col--xs-first vce-col--sm-last vce-col--sm-first vce-col--md-last vce-col--lg-last vce-col--xl-last vce-col--md-first vce-col--lg-first vce-col--xl-first\" id=\"el-21cdba85\"><div class=\"vce-col-inner\" data-vce-do-apply=\"border margin background  el-21cdba85\"><div class=\"vce-col-content\" data-vce-element-content=\"true\" data-vce-do-apply=\"padding el-21cdba85\"><div class=\"vce-google-fonts-heading vce-google-fonts-heading--align-center vce-google-fonts-heading--color-b-46-46-58--45--5C00FF--FF7200 vce-google-fonts-heading--font-family-Montserrat\"><div id=\"el-4f0ca4c3\" class=\"vce-google-fonts-heading-wrapper\"><div class=\"vce-google-fonts-heading--background vce\" data-vce-do-apply=\"border background  padding margin el-4f0ca4c3\"><h1 class=\"vce-google-fonts-heading-inner\" style=\"font-weight: 500; font-style: normal;\">Credits<\/h1><\/div><\/div><\/div><div class=\"vce-google-fonts-heading vce-google-fonts-heading--align-center vce-google-fonts-heading--color-empty--45--5C00FF--FF7200 vce-google-fonts-heading--font-family-Montserrat\"><div id=\"el-2790a53a\" class=\"vce-google-fonts-heading-wrapper\"><div class=\"vce-google-fonts-heading--background vce\" data-vce-do-apply=\"border background  padding margin el-2790a53a\"><h4 class=\"vce-google-fonts-heading-inner\" style=\"font-weight: 400; font-style: normal;\">Information according to \u00a75 TMG<\/h4><\/div><\/div><\/div><\/div><\/div><\/div><\/div><\/div><\/div><div class=\"vce-row-container\"><div class=\"vce-row vce-element--has-background vce-row--col-gap-30 vce-row-equal-height vce-row-content--top\" data-vce-full-width=\"true\" id=\"el-d6b056e8\" data-vce-do-apply=\"all el-d6b056e8\"><div class=\"vce-content-background-container\"><\/div><div class=\"vce-row-content\" data-vce-element-content=\"true\"><div class=\"vce-col vce-col--md-42p vce-col--xs-1 vce-col--xs-last vce-col--xs-first vce-col--sm-last vce-col--sm-first vce-col--md-first vce-col--lg-first vce-col--xl-first\" id=\"el-009a89b3\"><div class=\"vce-col-inner\" data-vce-do-apply=\"border margin background  el-009a89b3\"><div class=\"vce-content-background-container\"><\/div><div class=\"vce-col-content\" data-vce-element-content=\"true\" data-vce-do-apply=\"padding el-009a89b3\"><div class=\"vce-text-block\"><div class=\"vce-text-block-wrapper vce\" id=\"el-652ecfc0\" data-vce-do-apply=\"all el-652ecfc0\"><p><span style=\"font-style: normal; font-size: 18pt; color: #beccbe; font-family: Montserrat;\">Internet<\/span><\/p><\/div><\/div><\/div><\/div><\/div><div class=\"vce-col vce-col--md-58p vce-col--xs-1 vce-col--xs-last vce-col--xs-first vce-col--sm-last vce-col--sm-first vce-col--md-last vce-col--lg-last vce-col--xl-last\" id=\"el-fe5893fc\"><div class=\"vce-col-inner\" data-vce-do-apply=\"border margin background  el-fe5893fc\"><div class=\"vce-col-content\" data-vce-element-content=\"true\" data-vce-do-apply=\"padding el-fe5893fc\"><div class=\"vce-text-block\"><div class=\"vce-text-block-wrapper vce\" id=\"el-3be170c5\" data-vce-do-apply=\"all el-3be170c5\"><p><span style=\"color: #beccbe;\">https:\/\/www.dolmetschen.de<\/span><\/p><\/div><\/div><\/div><\/div><\/div><\/div><\/div><\/div><div class=\"vce-row-container\"><div class=\"vce-row vce-element--has-background vce-row--col-gap-30 vce-row-equal-height vce-row-content--top\" data-vce-full-width=\"true\" id=\"el-66d71187\" data-vce-do-apply=\"all el-66d71187\"><div class=\"vce-content-background-container\"><\/div><div class=\"vce-row-content\" data-vce-element-content=\"true\"><div class=\"vce-col vce-col--md-42p vce-col--xs-1 vce-col--xs-last vce-col--xs-first vce-col--sm-last vce-col--sm-first vce-col--md-first vce-col--lg-first vce-col--xl-first\" id=\"el-9bcfa92e\"><div class=\"vce-col-inner\" data-vce-do-apply=\"border margin background  el-9bcfa92e\"><div class=\"vce-content-background-container\"><\/div><div class=\"vce-col-content\" data-vce-element-content=\"true\" data-vce-do-apply=\"padding el-9bcfa92e\"><div class=\"vce-text-block\"><div class=\"vce-text-block-wrapper vce\" id=\"el-cf25800e\" data-vce-do-apply=\"all el-cf25800e\"><h2><strong><span lang=\"DE\">VAT ID (according to \u00a7 27 a UStG)<\/span><\/strong><\/h2><\/div><\/div><\/div><\/div><\/div><div class=\"vce-col vce-col--md-58p vce-col--xs-1 vce-col--xs-last vce-col--xs-first vce-col--sm-last vce-col--sm-first vce-col--md-last vce-col--lg-last vce-col--xl-last\" id=\"el-fb3aec6d\"><div class=\"vce-col-inner\" data-vce-do-apply=\"border margin background  el-fb3aec6d\"><div class=\"vce-col-content\" data-vce-element-content=\"true\" data-vce-do-apply=\"padding el-fb3aec6d\"><div class=\"vce-text-block\"><div class=\"vce-text-block-wrapper vce\" id=\"el-35827316\" data-vce-do-apply=\"all el-35827316\"><p><span lang=\"DE\">DE &nbsp;<\/span><span lang=\"DE\">DE172320268<\/span><\/p><\/div><\/div><\/div><\/div><\/div><\/div><\/div><\/div><div class=\"vce-row-container\"><div class=\"vce-row vce-element--has-background vce-row--col-gap-30 vce-row-equal-height vce-row-content--top\" data-vce-full-width=\"true\" id=\"el-b3a89fde\" data-vce-do-apply=\"all el-b3a89fde\"><div class=\"vce-content-background-container\"><\/div><div class=\"vce-row-content\" data-vce-element-content=\"true\"><div class=\"vce-col vce-col--md-42p vce-col--xs-1 vce-col--xs-last vce-col--xs-first vce-col--sm-last vce-col--sm-first vce-col--md-first vce-col--lg-first vce-col--xl-first\" id=\"el-6230c3ba\"><div class=\"vce-col-inner\" data-vce-do-apply=\"border margin background  el-6230c3ba\"><div class=\"vce-content-background-container\"><\/div><div class=\"vce-col-content\" data-vce-element-content=\"true\" data-vce-do-apply=\"padding el-6230c3ba\"><div class=\"vce-text-block\"><div class=\"vce-text-block-wrapper vce\" id=\"el-c992d087\" data-vce-do-apply=\"all el-c992d087\"><h2><b><span lang=\"DE\">Responsible for the content according to \u00a7 55 para. 2 RStV<\/span><\/b><\/h2><\/div><\/div><\/div><\/div><\/div><div class=\"vce-col vce-col--md-58p vce-col--xs-1 vce-col--xs-last vce-col--xs-first vce-col--sm-last vce-col--sm-first vce-col--md-last vce-col--lg-last vce-col--xl-last\" id=\"el-14cd48f4\"><div class=\"vce-col-inner\" data-vce-do-apply=\"border margin background  el-14cd48f4\"><div class=\"vce-col-content\" data-vce-element-content=\"true\" data-vce-do-apply=\"padding el-14cd48f4\"><div class=\"vce-text-block\"><div class=\"vce-text-block-wrapper vce\" id=\"el-51f722a4\" data-vce-do-apply=\"all el-51f722a4\"><p class=\" translation-block\">Anja Peschel\nWallstrasse 9\n79098 Freiburg<\/p><\/div><\/div><\/div><\/div><\/div><\/div><\/div><\/div><div class=\"vce-row-container\"><div class=\"vce-row vce-element--has-background vce-row--col-gap-30 vce-row-equal-height vce-row-content--top\" data-vce-full-width=\"true\" id=\"el-df769733\" data-vce-do-apply=\"all el-df769733\"><div class=\"vce-content-background-container\"><\/div><div class=\"vce-row-content\" data-vce-element-content=\"true\"><div class=\"vce-col vce-col--md-42p vce-col--xs-1 vce-col--xs-last vce-col--xs-first vce-col--sm-last vce-col--sm-first vce-col--md-first vce-col--lg-first vce-col--xl-first\" id=\"el-a930137a\"><div class=\"vce-col-inner\" data-vce-do-apply=\"border margin background  el-a930137a\"><div class=\"vce-content-background-container\"><\/div><div class=\"vce-col-content\" data-vce-element-content=\"true\" data-vce-do-apply=\"padding el-a930137a\"><div class=\"vce-text-block\"><div class=\"vce-text-block-wrapper vce\" id=\"el-87dac075\" data-vce-do-apply=\"all el-87dac075\"><h2><b><span lang=\"DE\">Dispute resolution<\/span><\/b><\/h2><\/div><\/div><\/div><\/div><\/div><div class=\"vce-col vce-col--md-58p vce-col--xs-1 vce-col--xs-last vce-col--xs-first vce-col--sm-last vce-col--sm-first vce-col--md-last vce-col--lg-last vce-col--xl-last\" id=\"el-9ab90be2\"><div class=\"vce-col-inner\" data-vce-do-apply=\"border margin background  el-9ab90be2\"><div class=\"vce-col-content\" data-vce-element-content=\"true\" data-vce-do-apply=\"padding el-9ab90be2\"><div class=\"vce-text-block\"><div class=\"vce-text-block-wrapper vce\" id=\"el-36762278\" data-vce-do-apply=\"all el-36762278\"><p class=\" translation-block\">The European Commission provides a platform for online dispute resolution (ODR):\nhttps:\/\/ec.europa.eu\/consumers\/odr.\nYou can find our e-mail address in the imprint above. We are not willing or obliged to participate in dispute resolution proceedings before a consumer arbitration board.<\/p><\/div><\/div><\/div><\/div><\/div><\/div><\/div><\/div><div class=\"vce-row-container\"><div class=\"vce-row vce-element--has-background vce-row--col-gap-30 vce-row-equal-height vce-row-content--top\" data-vce-full-width=\"true\" id=\"el-999ca6f1\" data-vce-do-apply=\"all el-999ca6f1\"><div class=\"vce-content-background-container\"><\/div><div class=\"vce-row-content\" data-vce-element-content=\"true\"><div class=\"vce-col vce-col--md-42p vce-col--xs-1 vce-col--xs-last vce-col--xs-first vce-col--sm-last vce-col--sm-first vce-col--md-first vce-col--lg-first vce-col--xl-first\" id=\"el-4231825e\"><div class=\"vce-col-inner\" data-vce-do-apply=\"border margin background  el-4231825e\"><div class=\"vce-content-background-container\"><\/div><div class=\"vce-col-content\" data-vce-element-content=\"true\" data-vce-do-apply=\"padding el-4231825e\"><div class=\"vce-text-block\"><div class=\"vce-text-block-wrapper vce\" id=\"el-63b54ca8\" data-vce-do-apply=\"all el-63b54ca8\"><h2><b><span lang=\"DE\">Liability for contents<\/span><\/b><\/h2><\/div><\/div><\/div><\/div><\/div><div class=\"vce-col vce-col--md-58p vce-col--xs-1 vce-col--xs-last vce-col--xs-first vce-col--sm-last vce-col--sm-first vce-col--md-last vce-col--lg-last vce-col--xl-last\" id=\"el-34a943d8\"><div class=\"vce-col-inner\" data-vce-do-apply=\"border margin background  el-34a943d8\"><div class=\"vce-col-content\" data-vce-element-content=\"true\" data-vce-do-apply=\"padding el-34a943d8\"><div class=\"vce-text-block\"><div class=\"vce-text-block-wrapper vce\" id=\"el-4b10b594\" data-vce-do-apply=\"all el-4b10b594\"><p><span lang=\"DE\">As a service provider, we are responsible for our own content on these pages in accordance with general legislation pursuant to Section 7 (1) of the German Telemedia Act (TMG). According to \u00a7\u00a7 8 to 10 TMG, however, we are not obliged as a service provider to monitor transmitted or stored third-party information or to investigate circumstances that indicate illegal activity. Obligations to remove or block the use of information in accordance with general laws remain unaffected by this. However, liability in this respect is only possible from the time of knowledge of a concrete infringement. If we become aware of any such infringements, we will remove this content immediately.<\/span><\/p><\/div><\/div><\/div><\/div><\/div><\/div><\/div><\/div><div class=\"vce-row-container\"><div class=\"vce-row vce-element--has-background vce-row--col-gap-30 vce-row-equal-height vce-row-content--top\" data-vce-full-width=\"true\" id=\"el-b03b9dd0\" data-vce-do-apply=\"all el-b03b9dd0\"><div class=\"vce-content-background-container\"><\/div><div class=\"vce-row-content\" data-vce-element-content=\"true\"><div class=\"vce-col vce-col--md-42p vce-col--xs-1 vce-col--xs-last vce-col--xs-first vce-col--sm-last vce-col--sm-first vce-col--md-first vce-col--lg-first vce-col--xl-first\" id=\"el-1048ee11\"><div class=\"vce-col-inner\" data-vce-do-apply=\"border margin background  el-1048ee11\"><div class=\"vce-content-background-container\"><\/div><div class=\"vce-col-content\" data-vce-element-content=\"true\" data-vce-do-apply=\"padding el-1048ee11\"><div class=\"vce-text-block\"><div class=\"vce-text-block-wrapper vce\" id=\"el-02a24f2e\" data-vce-do-apply=\"all el-02a24f2e\"><h2><b><span lang=\"DE\">Liability for links<\/span><\/b><\/h2><\/div><\/div><\/div><\/div><\/div><div class=\"vce-col vce-col--md-58p vce-col--xs-1 vce-col--xs-last vce-col--xs-first vce-col--sm-last vce-col--sm-first vce-col--md-last vce-col--lg-last vce-col--xl-last\" id=\"el-33f3b958\"><div class=\"vce-col-inner\" data-vce-do-apply=\"border margin background  el-33f3b958\"><div class=\"vce-col-content\" data-vce-element-content=\"true\" data-vce-do-apply=\"padding el-33f3b958\"><div class=\"vce-text-block\"><div class=\"vce-text-block-wrapper vce\" id=\"el-d69a2ffb\" data-vce-do-apply=\"all el-d69a2ffb\"><p><span lang=\"DE\">Our offer contains links to external websites of third parties, on whose contents we have no influence. Therefore, we cannot assume any liability for these external contents. The respective provider or operator of the pages is always responsible for the content of the linked pages. The linked pages were checked for possible legal violations at the time of linking. Illegal contents were not recognisable at the time of linking. However, a permanent control of the contents of the linked pages is not reasonable without concrete indications of a violation of the law. If we become aware of any infringements of the law, we will remove such links immediately.<\/span><\/p><\/div><\/div><\/div><\/div><\/div><\/div><\/div><\/div><div class=\"vce-row-container\"><div class=\"vce-row vce-element--has-background vce-row--col-gap-30 vce-row-equal-height vce-row-content--top\" data-vce-full-width=\"true\" id=\"el-7127ffb8\" data-vce-do-apply=\"all el-7127ffb8\"><div class=\"vce-content-background-container\"><\/div><div class=\"vce-row-content\" data-vce-element-content=\"true\"><div class=\"vce-col vce-col--md-42p vce-col--xs-1 vce-col--xs-last vce-col--xs-first vce-col--sm-last vce-col--sm-first vce-col--md-first vce-col--lg-first vce-col--xl-first\" id=\"el-94a1e562\"><div class=\"vce-col-inner\" data-vce-do-apply=\"border margin background  el-94a1e562\"><div class=\"vce-content-background-container\"><\/div><div class=\"vce-col-content\" data-vce-element-content=\"true\" data-vce-do-apply=\"padding el-94a1e562\"><div class=\"vce-text-block\"><div class=\"vce-text-block-wrapper vce\" id=\"el-7ac47881\" data-vce-do-apply=\"all el-7ac47881\"><h2><b><span lang=\"DE\">Copyright<\/span><\/b><\/h2><\/div><\/div><\/div><\/div><\/div><div class=\"vce-col vce-col--md-58p vce-col--xs-1 vce-col--xs-last vce-col--xs-first vce-col--sm-last vce-col--sm-first vce-col--md-last vce-col--lg-last vce-col--xl-last\" id=\"el-38b8d1b4\"><div class=\"vce-col-inner\" data-vce-do-apply=\"border margin background  el-38b8d1b4\"><div class=\"vce-col-content\" data-vce-element-content=\"true\" data-vce-do-apply=\"padding el-38b8d1b4\"><div class=\"vce-text-block\"><div class=\"vce-text-block-wrapper vce\" id=\"el-8486c027\" data-vce-do-apply=\"all el-8486c027\"><p>The contents and works created by the site operators on these pages are subject to German copyright law. The reproduction, editing, distribution and any kind of utilisation outside the limits of copyright law require the written consent of the respective author or creator. Downloads and copies of this page are only permitted for private, non-commercial use. Insofar as the content on this page was not created by the operator, the copyrights of third parties are respected. In particular, third-party content is identified as such. Should you nevertheless become aware of a copyright infringement, please inform us accordingly. If we become aware of any infringements, we will remove such content immediately.<\/p><\/div><\/div><\/div><\/div><\/div><\/div><\/div><\/div><div class=\"vce-row-container\"><div class=\"vce-row vce-element--has-background vce-row--col-gap-30 vce-row-equal-height vce-row-content--top\" data-vce-full-width=\"true\" id=\"el-0ac142b0\" data-vce-do-apply=\"all el-0ac142b0\"><div class=\"vce-content-background-container\"><\/div><div class=\"vce-row-content\" data-vce-element-content=\"true\"><div class=\"vce-col vce-col--md-auto vce-col--xs-1 vce-col--xs-last vce-col--xs-first vce-col--sm-last vce-col--sm-first vce-col--md-last vce-col--lg-last vce-col--xl-last vce-col--md-first vce-col--lg-first vce-col--xl-first\" id=\"el-96929e15\"><div class=\"vce-col-inner\" data-vce-do-apply=\"border margin background  el-96929e15\"><div class=\"vce-col-content\" data-vce-element-content=\"true\" data-vce-do-apply=\"padding el-96929e15\"><div class=\"vce-google-fonts-heading vce-google-fonts-heading--align-center vce-google-fonts-heading--color-b-190-204-190--45--5C00FF--FF7200 vce-google-fonts-heading--font-family-Montserrat\"><div id=\"el-333110f8\" class=\"vce-google-fonts-heading-wrapper\"><div class=\"vce-google-fonts-heading--background vce\" data-vce-do-apply=\"border background  padding margin el-333110f8\"><h4 class=\"vce-google-fonts-heading-inner\" style=\"font-weight: 400; font-style: normal;\">This imprint also applies to my LinkedIn and XING account.<\/h4><\/div><\/div><\/div><\/div><\/div><\/div><\/div><\/div><\/div>","protected":false},"excerpt":{"rendered":"<p>ImpressumAngaben gem\u00e4\u00df \u00a75 TMGInternethttps:\/\/www.dolmetschen.deUmsatzsteuer-ID (gem\u00e4\u00df \u00a7 27 a UStG)DE &nbsp;DE172320268Verantwortlich f\u00fcr den Inhalt nach \u00a7 55 Abs. 2 RStVAnja PeschelWallstra\u00dfe 979098 FreiburgStreitschlichtungDie Europ\u00e4ische Kommission stellt eine Plattform zur Online-Streitbeilegung (OS) bereit:https:\/\/ec.europa.eu\/consumers\/odr.Unsere E-Mail-Adresse finden Sie oben im Impressum. Wir sind nicht bereit oder verpflichtet, an Streitbeilegungsverfahren vor einer Verbraucherschlichtungsstelle teilzunehmen.Haftung f\u00fcr InhalteAls Diensteanbieter sind wir gem\u00e4\u00df &hellip; <\/p>\n<p class=\"link-more\"><a href=\"https:\/\/dolmetschen.de\/en\/impressum\" class=\"more-link\">Read more<span class=\"screen-reader-text\"> &#8222;Impressum&#8220;<\/span><\/a><\/p>","protected":false},"author":1,"featured_media":0,"parent":0,"menu_order":0,"comment_status":"closed","ping_status":"closed","template":"","meta":{"footnotes":""},"class_list":["post-127","page","type-page","status-publish","hentry"],"yoast_head":"<!-- This site is optimized with the Yoast SEO plugin v22.1 - https:\/\/yoast.com\/wordpress\/plugins\/seo\/ -->\n<title>Impressum -<\/title>\n<meta name=\"robots\" content=\"index, follow, max-snippet:-1, max-image-preview:large, max-video-preview:-1\" \/>\n<link rel=\"canonical\" href=\"https:\/\/dolmetschen.de\/en\/impressum\" \/>\n<meta property=\"og:locale\" content=\"en_GB\" \/>\n<meta property=\"og:type\" content=\"article\" \/>\n<meta property=\"og:title\" content=\"Impressum -\" \/>\n<meta property=\"og:description\" content=\"ImpressumAngaben gem\u00e4\u00df \u00a75 TMGInternethttps:\/\/www.dolmetschen.deUmsatzsteuer-ID (gem\u00e4\u00df \u00a7 27 a UStG)DE &nbsp;DE172320268Verantwortlich f\u00fcr den Inhalt nach \u00a7 55 Abs. 2 RStVAnja PeschelWallstra\u00dfe 979098 FreiburgStreitschlichtungDie Europ\u00e4ische Kommission stellt eine Plattform zur Online-Streitbeilegung (OS) bereit:https:\/\/ec.europa.eu\/consumers\/odr.Unsere E-Mail-Adresse finden Sie oben im Impressum. Wir sind nicht bereit oder verpflichtet, an Streitbeilegungsverfahren vor einer Verbraucherschlichtungsstelle teilzunehmen.Haftung f\u00fcr InhalteAls Diensteanbieter sind wir gem\u00e4\u00df &hellip; Read more &quot;Impressum&quot;\" \/>\n<meta property=\"og:url\" content=\"https:\/\/dolmetschen.de\/en\/impressum\" \/>\n<meta property=\"article:modified_time\" content=\"2023-07-24T10:57:55+00:00\" \/>\n<meta name=\"twitter:card\" content=\"summary_large_image\" \/>\n<meta name=\"twitter:label1\" content=\"Estimated reading time\" \/>\n\t<meta name=\"twitter:data1\" content=\"2 minutes\" \/>\n<script type=\"application\/ld+json\" class=\"yoast-schema-graph\">{\"@context\":\"https:\/\/schema.org\",\"@graph\":[{\"@type\":\"WebPage\",\"@id\":\"https:\/\/dolmetschen.de\/en\/impressum\",\"url\":\"https:\/\/dolmetschen.de\/en\/impressum\",\"name\":\"Impressum -\",\"isPartOf\":{\"@id\":\"https:\/\/dolmetschen.de\/#website\"},\"datePublished\":\"2020-08-12T12:08:22+00:00\",\"dateModified\":\"2023-07-24T10:57:55+00:00\",\"inLanguage\":\"en-GB\",\"potentialAction\":[{\"@type\":\"ReadAction\",\"target\":[\"https:\/\/dolmetschen.de\/en\/impressum\"]}]},{\"@type\":\"WebSite\",\"@id\":\"https:\/\/dolmetschen.de\/#website\",\"url\":\"https:\/\/dolmetschen.de\/\",\"name\":\"\",\"description\":\"\",\"potentialAction\":[{\"@type\":\"SearchAction\",\"target\":{\"@type\":\"EntryPoint\",\"urlTemplate\":\"https:\/\/dolmetschen.de\/?s={search_term_string}\"},\"query-input\":\"required name=search_term_string\"}],\"inLanguage\":\"en-GB\"}]}<\/script>\n<!-- \/ Yoast SEO plugin. -->","yoast_head_json":{"title":"Impressum -","robots":{"index":"index","follow":"follow","max-snippet":"max-snippet:-1","max-image-preview":"max-image-preview:large","max-video-preview":"max-video-preview:-1"},"canonical":"https:\/\/dolmetschen.de\/en\/impressum","og_locale":"en_GB","og_type":"article","og_title":"Impressum -","og_description":"ImpressumAngaben gem\u00e4\u00df \u00a75 TMGInternethttps:\/\/www.dolmetschen.deUmsatzsteuer-ID (gem\u00e4\u00df \u00a7 27 a UStG)DE &nbsp;DE172320268Verantwortlich f\u00fcr den Inhalt nach \u00a7 55 Abs. 2 RStVAnja PeschelWallstra\u00dfe 979098 FreiburgStreitschlichtungDie Europ\u00e4ische Kommission stellt eine Plattform zur Online-Streitbeilegung (OS) bereit:https:\/\/ec.europa.eu\/consumers\/odr.Unsere E-Mail-Adresse finden Sie oben im Impressum. Wir sind nicht bereit oder verpflichtet, an Streitbeilegungsverfahren vor einer Verbraucherschlichtungsstelle teilzunehmen.Haftung f\u00fcr InhalteAls Diensteanbieter sind wir gem\u00e4\u00df &hellip; Read more \"Impressum\"","og_url":"https:\/\/dolmetschen.de\/en\/impressum","article_modified_time":"2023-07-24T10:57:55+00:00","twitter_card":"summary_large_image","twitter_misc":{"Estimated reading time":"2 minutes"},"schema":{"@context":"https:\/\/schema.org","@graph":[{"@type":"WebPage","@id":"https:\/\/dolmetschen.de\/en\/impressum","url":"https:\/\/dolmetschen.de\/en\/impressum","name":"Impressum -","isPartOf":{"@id":"https:\/\/dolmetschen.de\/#website"},"datePublished":"2020-08-12T12:08:22+00:00","dateModified":"2023-07-24T10:57:55+00:00","inLanguage":"en-GB","potentialAction":[{"@type":"ReadAction","target":["https:\/\/dolmetschen.de\/en\/impressum"]}]},{"@type":"WebSite","@id":"https:\/\/dolmetschen.de\/#website","url":"https:\/\/dolmetschen.de\/","name":"","description":"","potentialAction":[{"@type":"SearchAction","target":{"@type":"EntryPoint","urlTemplate":"https:\/\/dolmetschen.de\/?s={search_term_string}"},"query-input":"required name=search_term_string"}],"inLanguage":"en-GB"}]}},"_links":{"self":[{"href":"https:\/\/dolmetschen.de\/en\/wp-json\/wp\/v2\/pages\/127","targetHints":{"allow":["GET"]}}],"collection":[{"href":"https:\/\/dolmetschen.de\/en\/wp-json\/wp\/v2\/pages"}],"about":[{"href":"https:\/\/dolmetschen.de\/en\/wp-json\/wp\/v2\/types\/page"}],"author":[{"embeddable":true,"href":"https:\/\/dolmetschen.de\/en\/wp-json\/wp\/v2\/users\/1"}],"replies":[{"embeddable":true,"href":"https:\/\/dolmetschen.de\/en\/wp-json\/wp\/v2\/comments?post=127"}],"version-history":[{"count":17,"href":"https:\/\/dolmetschen.de\/en\/wp-json\/wp\/v2\/pages\/127\/revisions"}],"predecessor-version":[{"id":1490,"href":"https:\/\/dolmetschen.de\/en\/wp-json\/wp\/v2\/pages\/127\/revisions\/1490"}],"wp:attachment":[{"href":"https:\/\/dolmetschen.de\/en\/wp-json\/wp\/v2\/media?parent=127"}],"curies":[{"name":"wp","href":"https:\/\/api.w.org\/{rel}","templated":true}]}}